{"id":61,"date":"2022-01-05T13:58:45","date_gmt":"2022-01-05T13:58:45","guid":{"rendered":"http:\/\/robinballard.ch\/wordpress\/?page_id=61"},"modified":"2023-08-27T14:58:12","modified_gmt":"2023-08-27T14:58:12","slug":"contact","status":"publish","type":"page","link":"http:\/\/robinballard.ch\/?page_id=61","title":{"rendered":"Contact"},"content":{"rendered":"\n<p class=\"has-text-align-center\">If you would like to come by the studio and see a painting up close, please send me an email to fix an appointment. If you are interested in purchasing a work, I will be happy to send you a quote.<\/p>\n\n\n\n<p class=\"has-text-align-center has-dark-orange-color has-text-color\"><strong>\u00b7 \u00b7 \u00b7 \u00b7 \u00b7 \u00b7 \u00b7 \u00b7<\/strong><\/p>\n\n\n\n<p class=\"has-text-align-center\">Wenn Sie im Atelier vorbeikommen und ein Bild aus der N\u00e4he betrachten m\u00f6chten, schicken Sie mir bitte eine Mail, um einen Termin zu vereinbaren. Wenn Sie am Kauf eines Werkes interessiert sind, sende ich Ihnen gerne ein Angebot zu.<\/p>\n\n\n\n<p class=\"has-text-align-center has-dark-orange-color has-text-color\"><strong>\u00b7 \u00b7 \u00b7 \u00b7 \u00b7 \u00b7 \u00b7 \u00b7<\/strong><\/p>\n\n\n\n<p class=\"has-text-align-center\">Si vous souhaitez passer au studio et voir une peinture de pr\u00e8s, veuillez m&#8217;envoyer un courriel pour fixer un rendez-vous. Si vous \u00eates int\u00e9ress\u00e9 par l&#8217;achat d&#8217;une \u0153uvre, je serai heureux de vous envoyer un devis.<\/p>\n\n\n\n<p class=\"has-text-align-center has-black-color has-text-color\">\u00b7<\/p>\n\n\n\n<p class=\"has-text-align-center has-dark-orange-color has-text-color\">ateilerpocketpark(at)gmail.com<\/p>\n","protected":false},"excerpt":{"rendered":"<p>If you would like to come by the studio and see a painting up close, please send me an email<\/p>\n<p><span class=\"more-link\"><a href=\"http:\/\/robinballard.ch\/?page_id=61\" class=\"readmore\">Continue reading<span class=\"screen-reader-text\">Contact<\/span><\/a><\/span><\/p>\n","protected":false},"author":1,"featured_media":0,"parent":0,"menu_order":0,"comment_status":"closed","ping_status":"closed","template":"","meta":{"ngg_post_thumbnail":0,"footnotes":""},"_links":{"self":[{"href":"http:\/\/robinballard.ch\/index.php?rest_route=\/wp\/v2\/pages\/61"}],"collection":[{"href":"http:\/\/robinballard.ch\/index.php?rest_route=\/wp\/v2\/pages"}],"about":[{"href":"http:\/\/robinballard.ch\/index.php?rest_route=\/wp\/v2\/types\/page"}],"author":[{"embeddable":true,"href":"http:\/\/robinballard.ch\/index.php?rest_route=\/wp\/v2\/users\/1"}],"replies":[{"embeddable":true,"href":"http:\/\/robinballard.ch\/index.php?rest_route=%2Fwp%2Fv2%2Fcomments&post=61"}],"version-history":[{"count":12,"href":"http:\/\/robinballard.ch\/index.php?rest_route=\/wp\/v2\/pages\/61\/revisions"}],"predecessor-version":[{"id":1255,"href":"http:\/\/robinballard.ch\/index.php?rest_route=\/wp\/v2\/pages\/61\/revisions\/1255"}],"wp:attachment":[{"href":"http:\/\/robinballard.ch\/index.php?rest_route=%2Fwp%2Fv2%2Fmedia&parent=61"}],"curies":[{"name":"wp","href":"https:\/\/api.w.org\/{rel}","templated":true}]}}