{"id":59,"date":"2022-01-05T13:58:24","date_gmt":"2022-01-05T13:58:24","guid":{"rendered":"http:\/\/robinballard.ch\/wordpress\/?page_id=59"},"modified":"2026-01-06T10:36:35","modified_gmt":"2026-01-06T10:36:35","slug":"art-classes","status":"publish","type":"page","link":"http:\/\/robinballard.ch\/?page_id=59","title":{"rendered":"Art Classes"},"content":{"rendered":"\n<p><\/p>\n\n\n<div class=\"wp-block-image is-style-rounded\">\n<figure class=\"aligncenter size-thumbnail is-resized\"><img decoding=\"async\" loading=\"lazy\" src=\"http:\/\/robinballard.ch\/wp-content\/uploads\/2022\/01\/20211130_205334-150x150.jpg\" alt=\"\" class=\"wp-image-822\" style=\"width:135px;height:132px\" width=\"135\" height=\"132\"\/><\/figure><\/div>\n\n\n<p class=\"has-text-align-center has-dark-orange-color has-text-color\" id=\"weekly\"><strong>Volkshochschule beider Basel<\/strong><\/p>\n\n\n\n<p class=\"has-text-align-center\">Aquarellmalerei: Ab in den Garten<\/p>\n\n\n\n<p class=\"has-text-align-center\">Mo. 24.08.2026 &#8211; Mo. 21.09.2026 \/ 18:15-19:45 <\/p>\n\n\n\n<p class=\"has-text-align-center\">Volkshochschule, St. Alban-Vorstadt 5, Basel<\/p>\n\n\n\n<p class=\"has-text-align-center\">Begleiten Sie uns in und um die Orangerie der Volkshochschule, wo wir uns von den Farben und Formen des umliegenden Gartens inspirieren lassen. Sie lernen verschiedene Aquarelltechniken kennen, mit denen Sie Bl\u00e4tter, B\u00e4ume und Blumen malen k\u00f6nnen. Keine Vorkenntnisse sind erforderlich. Eine Materialliste wird zur Verf\u00fcgen gestellt. <\/p>\n\n\n\n<p class=\"has-text-align-center\">Anmeldung: www.vhsbb.ch oder 061 269 86 66<\/p>\n\n\n\n<p class=\"has-black-color has-text-color\">.<\/p>\n\n\n<div class=\"wp-block-image is-style-rounded\">\n<figure class=\"aligncenter size-thumbnail is-resized\"><img decoding=\"async\" loading=\"lazy\" src=\"http:\/\/robinballard.ch\/wp-content\/uploads\/2022\/01\/20210921_203224_IMG_8082-150x150.jpg\" alt=\"\" class=\"wp-image-815\" style=\"width:135px;height:135px\" width=\"135\" height=\"135\" srcset=\"http:\/\/robinballard.ch\/wp-content\/uploads\/2022\/01\/20210921_203224_IMG_8082-150x150.jpg 150w, http:\/\/robinballard.ch\/wp-content\/uploads\/2022\/01\/20210921_203224_IMG_8082-640x640.jpg 640w, http:\/\/robinballard.ch\/wp-content\/uploads\/2022\/01\/20210921_203224_IMG_8082-666x666.jpg 666w, http:\/\/robinballard.ch\/wp-content\/uploads\/2022\/01\/20210921_203224_IMG_8082-96x96.jpg 96w, http:\/\/robinballard.ch\/wp-content\/uploads\/2022\/01\/20210921_203224_IMG_8082-50x50.jpg 50w\" sizes=\"(max-width: 135px) 100vw, 135px\" \/><\/figure><\/div>\n\n\n<hr class=\"wp-block-separator has-text-color has-black-color has-alpha-channel-opacity has-black-background-color has-background\"\/>\n\n\n<div class=\"wp-block-image is-style-rounded\">\n<figure class=\"aligncenter size-thumbnail is-resized\"><img decoding=\"async\" loading=\"lazy\" src=\"http:\/\/robinballard.ch\/wp-content\/uploads\/2022\/06\/EINF_ACR_2-150x150.jpeg\" alt=\"\" class=\"wp-image-1027\" style=\"width:135px;height:135px\" width=\"135\" height=\"135\" srcset=\"http:\/\/robinballard.ch\/wp-content\/uploads\/2022\/06\/EINF_ACR_2-150x150.jpeg 150w, http:\/\/robinballard.ch\/wp-content\/uploads\/2022\/06\/EINF_ACR_2-300x300.jpeg 300w, http:\/\/robinballard.ch\/wp-content\/uploads\/2022\/06\/EINF_ACR_2-1024x1024.jpeg 1024w, http:\/\/robinballard.ch\/wp-content\/uploads\/2022\/06\/EINF_ACR_2-768x768.jpeg 768w, http:\/\/robinballard.ch\/wp-content\/uploads\/2022\/06\/EINF_ACR_2-1536x1536.jpeg 1536w, http:\/\/robinballard.ch\/wp-content\/uploads\/2022\/06\/EINF_ACR_2-2048x2048.jpeg 2048w, http:\/\/robinballard.ch\/wp-content\/uploads\/2022\/06\/EINF_ACR_2-640x640.jpeg 640w, http:\/\/robinballard.ch\/wp-content\/uploads\/2022\/06\/EINF_ACR_2-666x666.jpeg 666w, http:\/\/robinballard.ch\/wp-content\/uploads\/2022\/06\/EINF_ACR_2-96x96.jpeg 96w, http:\/\/robinballard.ch\/wp-content\/uploads\/2022\/06\/EINF_ACR_2-50x50.jpeg 50w\" sizes=\"(max-width: 135px) 100vw, 135px\" \/><\/figure><\/div>\n\n\n<hr class=\"wp-block-separator has-text-color has-black-color has-alpha-channel-opacity has-black-background-color has-background\"\/>\n\n\n<div class=\"wp-block-image is-style-rounded\">\n<figure class=\"aligncenter size-thumbnail is-resized\"><img decoding=\"async\" loading=\"lazy\" src=\"http:\/\/robinballard.ch\/wp-content\/uploads\/2022\/01\/IMG_2327-150x150.jpg\" alt=\"\" class=\"wp-image-832\" style=\"width:135px;height:135px\" width=\"135\" height=\"135\" srcset=\"http:\/\/robinballard.ch\/wp-content\/uploads\/2022\/01\/IMG_2327-150x150.jpg 150w, http:\/\/robinballard.ch\/wp-content\/uploads\/2022\/01\/IMG_2327-640x640.jpg 640w, http:\/\/robinballard.ch\/wp-content\/uploads\/2022\/01\/IMG_2327-666x666.jpg 666w, http:\/\/robinballard.ch\/wp-content\/uploads\/2022\/01\/IMG_2327-96x96.jpg 96w, http:\/\/robinballard.ch\/wp-content\/uploads\/2022\/01\/IMG_2327-50x50.jpg 50w\" sizes=\"(max-width: 135px) 100vw, 135px\" \/><\/figure><\/div>\n\n\n<hr class=\"wp-block-separator has-text-color has-black-color has-alpha-channel-opacity has-black-background-color has-background\"\/>\n\n\n\n<p class=\"has-black-color has-text-color\"><\/p>\n\n\n\n<p class=\"has-text-align-center\"><\/p>\n","protected":false},"excerpt":{"rendered":"<p>Volkshochschule beider Basel Aquarellmalerei: Ab in den Garten Mo. 24.08.2026 &#8211; Mo. 21.09.2026 \/ 18:15-19:45 Volkshochschule, St. Alban-Vorstadt 5, Basel<\/p>\n<p><span class=\"more-link\"><a href=\"http:\/\/robinballard.ch\/?page_id=59\" class=\"readmore\">Continue reading<span class=\"screen-reader-text\">Art Classes<\/span><\/a><\/span><\/p>\n","protected":false},"author":1,"featured_media":0,"parent":0,"menu_order":0,"comment_status":"closed","ping_status":"closed","template":"","meta":{"ngg_post_thumbnail":0,"footnotes":""},"_links":{"self":[{"href":"http:\/\/robinballard.ch\/index.php?rest_route=\/wp\/v2\/pages\/59"}],"collection":[{"href":"http:\/\/robinballard.ch\/index.php?rest_route=\/wp\/v2\/pages"}],"about":[{"href":"http:\/\/robinballard.ch\/index.php?rest_route=\/wp\/v2\/types\/page"}],"author":[{"embeddable":true,"href":"http:\/\/robinballard.ch\/index.php?rest_route=\/wp\/v2\/users\/1"}],"replies":[{"embeddable":true,"href":"http:\/\/robinballard.ch\/index.php?rest_route=%2Fwp%2Fv2%2Fcomments&post=59"}],"version-history":[{"count":54,"href":"http:\/\/robinballard.ch\/index.php?rest_route=\/wp\/v2\/pages\/59\/revisions"}],"predecessor-version":[{"id":1330,"href":"http:\/\/robinballard.ch\/index.php?rest_route=\/wp\/v2\/pages\/59\/revisions\/1330"}],"wp:attachment":[{"href":"http:\/\/robinballard.ch\/index.php?rest_route=%2Fwp%2Fv2%2Fmedia&parent=59"}],"curies":[{"name":"wp","href":"https:\/\/api.w.org\/{rel}","templated":true}]}}